{"id":1229,"date":"2026-01-07T07:52:54","date_gmt":"2026-01-07T07:52:54","guid":{"rendered":"https:\/\/onyx-energy.com\/?page_id=1229"},"modified":"2026-01-17T12:42:21","modified_gmt":"2026-01-17T12:42:21","slug":"privacy-policy","status":"publish","type":"page","link":"https:\/\/onyx-energy.com\/de\/privacy-policy\/","title":{"rendered":"Datenschutzbestimmungen"},"content":{"rendered":"<div data-elementor-type=\"wp-page\" data-elementor-id=\"1229\" class=\"elementor elementor-1229\" data-elementor-post-type=\"page\">\n\t\t\t\t<div class=\"elementor-element elementor-element-9328c2e e-flex e-con-boxed e-con e-parent\" data-id=\"9328c2e\" data-element_type=\"container\" data-e-type=\"container\" data-settings=\"{&quot;background_background&quot;:&quot;classic&quot;}\">\n\t\t\t\t\t<div class=\"e-con-inner\">\n\t\t<div class=\"elementor-element elementor-element-3be6032 e-con-full e-flex e-con e-child\" data-id=\"3be6032\" data-element_type=\"container\" data-e-type=\"container\">\n\t\t\t\t<div class=\"elementor-element elementor-element-c0a2dad elementor-icon-list--layout-inline elementor-list-item-link-full_width elementor-widget elementor-widget-icon-list\" data-id=\"c0a2dad\" data-element_type=\"widget\" data-e-type=\"widget\" data-widget_type=\"icon-list.default\">\n\t\t\t\t\t\t\t<ul class=\"elementor-icon-list-items elementor-inline-items\">\n\t\t\t\t\t\t\t<li class=\"elementor-icon-list-item elementor-inline-item\">\n\t\t\t\t\t\t\t\t\t\t\t<a href=\"https:\/\/onyx-energy.com\/de\/\">\n\n\t\t\t\t\t\t\t\t\t\t\t<span class=\"elementor-icon-list-text\">\u00dcbersicht<\/span>\n\t\t\t\t\t\t\t\t\t\t\t<\/a>\n\t\t\t\t\t\t\t\t\t<\/li>\n\t\t\t\t\t\t\t\t<li class=\"elementor-icon-list-item elementor-inline-item\">\n\t\t\t\t\t\t\t\t\t\t\t<a href=\"https:\/\/onyx-energy.com\/de\/privacy-policy\/\">\n\n\t\t\t\t\t\t\t\t\t\t\t\t<span class=\"elementor-icon-list-icon\">\n\t\t\t\t\t\t\t<i aria-hidden=\"true\" class=\"icon icon-right-arrow\"><\/i>\t\t\t\t\t\t<\/span>\n\t\t\t\t\t\t\t\t\t\t<span class=\"elementor-icon-list-text\">Datenschutzbestimmungen<\/span>\n\t\t\t\t\t\t\t\t\t\t\t<\/a>\n\t\t\t\t\t\t\t\t\t<\/li>\n\t\t\t\t\t\t<\/ul>\n\t\t\t\t\t\t<\/div>\n\t\t\t\t<div class=\"elementor-element elementor-element-42b73f7 elementor-widget__width-inherit elementor-widget elementor-widget-heading\" data-id=\"42b73f7\" data-element_type=\"widget\" data-e-type=\"widget\" data-widget_type=\"heading.default\">\n\t\t\t\t\t<h1 class=\"elementor-heading-title elementor-size-default\">Datenschutzbestimmungen<\/h1>\t\t\t\t<\/div>\n\t\t\t\t<\/div>\n\t\t\t\t\t<\/div>\n\t\t\t\t<\/div>\n\t\t<div class=\"elementor-element elementor-element-71aaf52d e-flex e-con-boxed e-con e-parent\" data-id=\"71aaf52d\" data-element_type=\"container\" data-e-type=\"container\">\n\t\t\t\t\t<div class=\"e-con-inner\">\n\t\t<div class=\"elementor-element elementor-element-7b88318 e-con-full e-flex e-con e-child\" data-id=\"7b88318\" data-element_type=\"container\" data-e-type=\"container\">\n\t\t<div class=\"elementor-element elementor-element-3cb46023 e-con-full e-flex e-con e-child\" data-id=\"3cb46023\" data-element_type=\"container\" data-e-type=\"container\">\n\t\t\t\t<div class=\"elementor-element elementor-element-1791b2b elementor-widget elementor-widget-text-editor\" data-id=\"1791b2b\" data-element_type=\"widget\" data-e-type=\"widget\" data-widget_type=\"text-editor.default\">\n\t\t\t\t\t\t\t\t\t<p data-start=\"252\" data-end=\"370\"><strong data-start=\"252\" data-end=\"269\">Rchitech GmbH<\/strong><br data-start=\"269\" data-end=\"272\" \/>Onyx-Energy<br data-start=\"283\" data-end=\"286\" \/>Thermische Batteriel\u00f6sungen<br data-start=\"311\" data-end=\"314\" \/>Schweizistrasse 30D<br data-start=\"333\" data-end=\"336\" \/>CH-5102 Rupperswil<br data-start=\"354\" data-end=\"357\" \/>Schweiz<\/p><p data-start=\"372\" data-end=\"431\">E-Mail: <a rel=\"noopener\" data-start=\"380\" data-end=\"399\">info@onyx-energy.ch<\/a><br data-start=\"399\" data-end=\"402\" \/>Website: <a href=\"http:\/\/www.onyx-energy.ch\" target=\"_new\" rel=\"noopener\" data-start=\"411\" data-end=\"429\">www.onyx-energy.ch<\/a><\/p><hr data-start=\"433\" data-end=\"436\" \/><h3 data-start=\"438\" data-end=\"460\">1. Data Controller<\/h3><p data-start=\"461\" data-end=\"548\">Der f\u00fcr die Verarbeitung personenbezogener Daten auf dieser Website Verantwortliche ist:<\/p><p data-start=\"550\" data-end=\"626\"><strong data-start=\"550\" data-end=\"567\">Rchitech GmbH<\/strong><br data-start=\"567\" data-end=\"570\" \/>Schweizistrasse 30D<br data-start=\"589\" data-end=\"592\" \/>CH-5102 Rupperswil<br data-start=\"610\" data-end=\"613\" \/>Schweiz<\/p><p data-start=\"628\" data-end=\"719\">F\u00fcr alle Fragen zum Datenschutz k\u00f6nnen Sie uns unter folgender Adresse kontaktieren: <a href=\"mailto:info@rchitech.ch\" rel=\"noopener\" data-start=\"701\" data-end=\"717\">info@rchitech.ch<\/a><\/p><hr data-start=\"721\" data-end=\"724\" \/><h3 data-start=\"726\" data-end=\"753\">2. Umfang der Anwendung<\/h3><p data-start=\"754\" data-end=\"1004\">Dieser Datenschutzhinweis gilt f\u00fcr alle Online-Dienste, Kontakt- und Analyseformulare auf der Website <a href=\"http:\/\/www.onyx-energy.ch\" target=\"_new\" rel=\"noopener\" data-start=\"855\" data-end=\"873\">www.onyx-energy.ch<\/a>.<br data-start=\"874\" data-end=\"877\" \/>Es st\u00fctzt sich sowohl auf das Schweizerische Bundesgesetz \u00fcber den Datenschutz (DSG) als auch auf die EU-Datenschutzgrundverordnung (DSGVO).<\/p><hr data-start=\"1006\" data-end=\"1009\" \/><h3 data-start=\"1011\" data-end=\"1047\">3. Grunds\u00e4tze der Datenverarbeitung<\/h3><p data-start=\"1048\" data-end=\"1102\">Wir verarbeiten personenbezogene Daten nur in dem erforderlichen Umfang:<\/p><ul data-start=\"1104\" data-end=\"1286\"><li data-start=\"1104\" data-end=\"1151\"><p data-start=\"1106\" data-end=\"1151\">um eine funktionelle und sichere Website zu erstellen,<\/p><\/li><li data-start=\"1152\" data-end=\"1177\"><p data-start=\"1154\" data-end=\"1177\">um Anfragen zu bearbeiten,<\/p><\/li><li data-start=\"1178\" data-end=\"1248\"><p data-start=\"1180\" data-end=\"1248\">zur Durchf\u00fchrung vorvertraglicher Ma\u00dfnahmen (z. B. Bedarfsermittlung), oder<\/p><\/li><li data-start=\"1249\" data-end=\"1286\"><p data-start=\"1251\" data-end=\"1286\">zur Erf\u00fcllung vertraglicher Verpflichtungen.<\/p><\/li><\/ul><p data-start=\"1288\" data-end=\"1469\">Die Daten werden nicht an Dritte weitergegeben, es sei denn, dies ist technisch oder rechtlich erforderlich (z. B. an Hosting-Provider, Projektpartner wie <strong data-start=\"1429\" data-end=\"1449\">HeatVentors Ltd.<\/strong> f\u00fcr den Systementwurf).<\/p><hr data-start=\"1471\" data-end=\"1474\" \/><h3 data-start=\"1476\" data-end=\"1510\">4. Erhobene Daten und Zweckbestimmung<\/h3><h4 data-start=\"1512\" data-end=\"1555\">4.1 Kontakt- und Bedarfsermittlungsformulare<\/h4><p data-start=\"1556\" data-end=\"1837\">Wenn Sie ein Formular abschicken, werden die von Ihnen angegebenen Daten (Name, E-Mail-Adresse, Telefonnummer, Firmenname, technische Anwendungsdaten usw.) ausschlie\u00dflich zur Bearbeitung Ihrer Anfrage verwendet.<br data-start=\"1734\" data-end=\"1737\" \/>Die Daten werden zur Simulation potenzieller Energieeinsparungen und zur Erstellung eines individuellen Projektvorschlags verwendet.<\/p><h4 data-start=\"1839\" data-end=\"1870\">4.2 Kommunikation per E-Mail<\/h4><p data-start=\"1871\" data-end=\"1971\">An uns gesendete E-Mails werden \u00fcber sichere Verbindungen \u00fcbertragen und nur von autorisiertem Personal bearbeitet.<\/p><h4 data-start=\"1973\" data-end=\"1998\">4.3 Server-Protokolldateien<\/h4><p data-start=\"1999\" data-end=\"2310\">Beim Besuch unserer Website erfasst der Webserver automatisch technische Daten (IP-Adresse, Datum und Uhrzeit, Browsertyp, Betriebssystem, Referrer URL).<br data-start=\"2153\" data-end=\"2156\" \/>Diese Daten werden ausschlie\u00dflich zur Gew\u00e4hrleistung des technischen Betriebs und der Sicherheit der Website sowie zur Fehleranalyse verwendet. Eine Zusammenf\u00fchrung dieser Daten mit anderen Datenquellen wird nicht vorgenommen.<\/p><hr data-start=\"2312\" data-end=\"2315\" \/><h3 data-start=\"2317\" data-end=\"2335\">5. Rechtsgrundlagen<\/h3><ul data-start=\"2337\" data-end=\"2677\"><li data-start=\"2337\" data-end=\"2433\"><p data-start=\"2339\" data-end=\"2433\">Art. 6(1)(b) GDPR - Verarbeitung f\u00fcr die Erf\u00fcllung eines Vertrags oder vorvertraglicher Ma\u00dfnahmen<\/p><\/li><li data-start=\"2434\" data-end=\"2490\"><p data-start=\"2436\" data-end=\"2490\">Art. 6(1)(a) GDPR - Einwilligung (z.B. f\u00fcr Kontaktformulare)<\/p><\/li><li data-start=\"2491\" data-end=\"2587\"><p data-start=\"2493\" data-end=\"2587\">Art. 6(1)(f) GDPR - Berechtigtes Interesse an einem sicheren und effizienten Betrieb der Website<\/p><\/li><li data-start=\"2588\" data-end=\"2677\"><p data-start=\"2590\" data-end=\"2677\">Art. 31 DSG - Rechtm\u00e4ssige, verh\u00e4ltnism\u00e4ssige und zweckbestimmte Datenbearbeitung<\/p><\/li><\/ul><hr data-start=\"2679\" data-end=\"2682\" \/><h3 data-start=\"2684\" data-end=\"2718\">6. Cookies und Analysetools<\/h3><p data-start=\"2719\" data-end=\"2879\">Unsere Website verwendet Cookies, um wesentliche Funktionen (z.B. das Speichern von Formulareingaben) zu erm\u00f6glichen.<br data-start=\"2801\" data-end=\"2804\" \/>Optionale anonyme Statistik-Cookies k\u00f6nnen verwendet werden, um die Nutzung der Website zu analysieren.<\/p><p data-start=\"2881\" data-end=\"2936\">Wenn Google Analytics, Matomo oder \u00e4hnliche Tools verwendet werden:<\/p><ul data-start=\"2938\" data-end=\"3047\"><li data-start=\"2938\" data-end=\"2985\"><p data-start=\"2940\" data-end=\"2985\">Die IP-Anonymisierung (\u201cIP-Maskierung\u201d) ist aktiviert,<\/p><\/li><li data-start=\"2986\" data-end=\"3047\"><p data-start=\"2988\" data-end=\"3047\">die Analyse wird ausschlie\u00dflich zur Verbesserung unserer Online-Dienste verwendet.<\/p><\/li><\/ul><p data-start=\"3049\" data-end=\"3213\">Sie k\u00f6nnen Cookies jederzeit \u00fcber Ihre Browsereinstellungen deaktivieren.<br data-start=\"3111\" data-end=\"3114\" \/>Bei Ihrem ersten Besuch wird ein Cookie-Banner eingeblendet, mit dem Sie Ihre Einwilligungseinstellungen verwalten k\u00f6nnen.<\/p><hr data-start=\"3215\" data-end=\"3218\" \/><h3 data-start=\"3220\" data-end=\"3256\">7. Hosting und Daten\u00fcbertragung<\/h3><p><strong style=\"color: #000000; font-size: medium; letter-spacing: normal;\" data-start=\"221\" data-end=\"238\">Company name:<\/strong><span style=\"color: #000000; font-size: medium; letter-spacing: normal;\"> Hostinger International Ltd.<\/span><br style=\"color: #000000; font-size: medium; letter-spacing: normal;\" data-start=\"267\" data-end=\"270\" \/><strong style=\"color: #000000; font-size: medium; letter-spacing: normal;\" data-start=\"270\" data-end=\"300\">Registered office address:<\/strong><span style=\"color: #000000; font-size: medium; letter-spacing: normal;\"> 61 Lordou Vironos Street, Lumiel Building, 4th Floor, 6023 Larnaca, Cyprus<\/span><br style=\"color: #000000; font-size: medium; letter-spacing: normal;\" data-start=\"375\" data-end=\"378\" \/><strong style=\"color: #000000; font-size: medium; letter-spacing: normal;\" data-start=\"378\" data-end=\"398\">Mailing address:<\/strong><span style=\"color: #000000; font-size: medium; letter-spacing: normal;\"> 61 Lordou Vironos Street, Lumiel Building, 4th Floor, 6023 Larnaca, Cyprus<\/span><br style=\"color: #000000; font-size: medium; letter-spacing: normal;\" data-start=\"473\" data-end=\"476\" \/><strong style=\"color: #000000; font-size: medium; letter-spacing: normal;\" data-start=\"476\" data-end=\"508\">Company registration number:<\/strong><span style=\"color: #000000; font-size: medium; letter-spacing: normal;\"> HE 301365 (Cyprus Registrar of Companies)<\/span><br style=\"color: #000000; font-size: medium; letter-spacing: normal;\" data-start=\"550\" data-end=\"553\" data-is-only-node=\"\" \/><strong style=\"color: #000000; font-size: medium; letter-spacing: normal;\" data-start=\"553\" data-end=\"568\">VAT number:<\/strong><span style=\"color: #000000; font-size: medium; letter-spacing: normal;\"> CY10301365E<\/span><br style=\"color: #000000; font-size: medium; letter-spacing: normal;\" data-start=\"580\" data-end=\"583\" \/><strong style=\"color: #000000; font-size: medium; letter-spacing: normal;\" data-start=\"583\" data-end=\"595\">Website:<\/strong> <a style=\"font-size: medium; letter-spacing: normal;\" href=\"https:\/\/www.hostinger.com?utm_source=chatgpt.com\" target=\"_new\" rel=\"noopener\" data-start=\"596\" data-end=\"621\">https:\/\/www.hostinger.com<\/a><\/p><p><strong style=\"font-size: medium; color: #000000; letter-spacing: normal;\" data-start=\"624\" data-end=\"642\">Contact email:<\/strong> <a style=\"background-color: #f4f5f4; font-size: medium; color: #000000; letter-spacing: normal;\" rel=\"noopener\" data-start=\"643\" data-end=\"667\">compliance@hostinger.com<br \/><\/a><span style=\"letter-spacing: -0.2px;\"><br \/>Der Serverstandort befindet sich in der Schweiz oder in der EU und bietet ein angemessenes Datenschutzniveau.<\/span><\/p><p data-start=\"3467\" data-end=\"3587\">Sensible Daten werden ausschlie\u00dflich \u00fcber SSL\/TLS-verschl\u00fcsselte Verbindungen \u00fcbertragen (erkennbar an \u201chttps:\/\/\u201d im Browser).<\/p><hr data-start=\"3589\" data-end=\"3592\" \/><h3 data-start=\"3594\" data-end=\"3633\">8. Weitergabe von Daten an Dritte<\/h3><p data-start=\"3634\" data-end=\"3674\">Personenbezogene Daten werden nur weitergegeben, wenn:<\/p><ul data-start=\"3676\" data-end=\"3881\"><li data-start=\"3676\" data-end=\"3738\"><p data-start=\"3678\" data-end=\"3738\">die f\u00fcr die Projektdurchf\u00fchrung mit dem Hersteller erforderlich sind,<\/p><\/li><li data-start=\"3739\" data-end=\"3841\"><p data-start=\"3741\" data-end=\"3841\">externe Dienstleister (z. B. IT-Support, CRM-Systeme) als Datenverarbeiter in unserem Auftrag handeln oder<\/p><\/li><li data-start=\"3842\" data-end=\"3881\"><p data-start=\"3844\" data-end=\"3881\">es besteht eine gesetzliche Verpflichtung dazu.<\/p><\/li><\/ul><p data-start=\"3883\" data-end=\"3970\">In allen F\u00e4llen werden entsprechende Vertraulichkeits- und Datenverarbeitungsvertr\u00e4ge abgeschlossen.<\/p><hr data-start=\"3972\" data-end=\"3975\" \/><h3 data-start=\"3977\" data-end=\"4011\">9. Aufbewahrung und L\u00f6schung von Daten<\/h3><p data-start=\"4012\" data-end=\"4268\">Daten aus Anfragen und Projekten werden nur so lange gespeichert, wie es f\u00fcr die Bearbeitung und Dokumentation notwendig ist (in der Regel nicht l\u00e4nger als <strong data-start=\"4149\" data-end=\"4162\">24 Monate<\/strong>), es sei denn, es bestehen gesetzliche Aufbewahrungspflichten.<br data-start=\"4210\" data-end=\"4213\" \/>Danach werden die Daten sicher gel\u00f6scht oder anonymisiert.<\/p><hr data-start=\"4270\" data-end=\"4273\" \/><h3 data-start=\"4275\" data-end=\"4294\">10. Deine Rechte<\/h3><p data-start=\"4295\" data-end=\"4329\">Sie haben jederzeit das Recht auf:<\/p><ul data-start=\"4331\" data-end=\"4571\"><li data-start=\"4331\" data-end=\"4398\"><p data-start=\"4333\" data-end=\"4398\">Zugriff auf Ihre gespeicherten personenbezogenen Daten (Art. 15 GDPR \/ Art. 25 DSG),<\/p><\/li><li data-start=\"4399\" data-end=\"4436\"><p data-start=\"4401\" data-end=\"4436\">Berichtigung unzutreffender Daten,<\/p><\/li><li data-start=\"4437\" data-end=\"4489\"><p data-start=\"4439\" data-end=\"4489\">die L\u00f6schung Ihrer Daten (\u201cRecht auf Vergessenwerden\u201d),<\/p><\/li><li data-start=\"4490\" data-end=\"4536\"><p data-start=\"4492\" data-end=\"4536\">Einschr\u00e4nkung der Verarbeitung oder Einspruch gegen die Verarbeitung,<\/p><\/li><li data-start=\"4537\" data-end=\"4571\"><p data-start=\"4539\" data-end=\"4571\">Daten\u00fcbertragbarkeit (Art. 20 GDPR).<\/p><\/li><\/ul><p data-start=\"4573\" data-end=\"4649\">Um Ihre Rechte geltend zu machen, senden Sie einfach eine E-Mail an:<br data-start=\"4622\" data-end=\"4625\" \/><img decoding=\"async\" role=\"img\" draggable=\"false\" src=\"https:\/\/s.w.org\/images\/core\/emoji\/17.0.2\/svg\/1f4e7.svg\" alt=\"\ud83d\udce7\" \/> <a rel=\"noopener\" data-start=\"4628\" data-end=\"4647\">info@onyx-energy.ch<\/a><\/p><p data-start=\"4651\" data-end=\"4737\">Sie haben auch das Recht, eine Beschwerde bei der zust\u00e4ndigen Aufsichtsbeh\u00f6rde einzureichen:<\/p><ul data-start=\"4739\" data-end=\"4897\"><li data-start=\"4739\" data-end=\"4820\"><p data-start=\"4741\" data-end=\"4820\"><strong data-start=\"4741\" data-end=\"4757\">Schweiz:<\/strong> Eidgen\u00f6ssischer Datenschutz- und \u00d6ffentlichkeitsbeauftragter (ED\u00d6B)<\/p><\/li><li data-start=\"4821\" data-end=\"4897\"><p data-start=\"4823\" data-end=\"4897\"><strong data-start=\"4823\" data-end=\"4830\">EU:<\/strong> die zust\u00e4ndige Beh\u00f6rde des Landes, in dem Sie wohnen oder arbeiten.<\/p><\/li><\/ul><hr data-start=\"4899\" data-end=\"4902\" \/><h3 data-start=\"4904\" data-end=\"4925\">11. Datensicherheit<\/h3><p data-start=\"4926\" data-end=\"5197\">Wir setzen moderne technische und organisatorische Sicherheitsma\u00dfnahmen (Firewalls, Zugangskontrollen, regelm\u00e4\u00dfige Backups) ein, um Ihre Daten vor Verlust, Missbrauch und unberechtigtem Zugriff zu sch\u00fctzen.<br data-start=\"5102\" data-end=\"5105\" \/>Alle Mitarbeiter und Partner sind vertraglich zur Vertraulichkeit und zur Einhaltung der GDPR verpflichtet.<\/p><hr data-start=\"5199\" data-end=\"5202\" \/><h3 data-start=\"5204\" data-end=\"5245\">12. \u00c4nderungen dieses Datenschutzhinweises<\/h3><p data-start=\"5246\" data-end=\"5460\">Onyx Energy beh\u00e4lt sich das Recht vor, diese Datenschutzerkl\u00e4rung zu \u00e4ndern, um sie an ge\u00e4nderte rechtliche Anforderungen oder technische Entwicklungen anzupassen.<br data-start=\"5373\" data-end=\"5376\" \/>Die aktuelle Version ist immer verf\u00fcgbar unter:<br data-start=\"5419\" data-end=\"5422\" \/><a href=\"https:\/\/onyx-energy.com\/de\/privacy-policy\/\" target=\"_new\" rel=\"noopener\" data-start=\"5425\" data-end=\"5458\">www.onyx-energy.com\/privacy-policy<\/a><\/p>\t\t\t\t\t\t\t\t<\/div>\n\t\t\t\t<\/div>\n\t\t\t\t<\/div>\n\t\t\t\t\t<\/div>\n\t\t\t\t<\/div>\n\t\t\t\t<\/div>","protected":false},"excerpt":{"rendered":"<p>Home Privacy policy Rchitech GmbHOnyx-EnergyThermal Battery SolutionsSchweizistrasse 30DCH-5102 RupperswilSwitzerland E-mail: info@onyx-energy.chWebsite: www.onyx-energy.ch 1. Data Controller The data controller responsible for the processing of personal data on this website is: Rchitech GmbHSchweizistrasse 30DCH-5102 RupperswilSwitzerland For all questions regarding data protection, you can contact us at: info@rchitech.ch 2. Scope of Application This Privacy Notice applies to all [&hellip;]<\/p>\n","protected":false},"author":1,"featured_media":0,"parent":0,"menu_order":0,"comment_status":"closed","ping_status":"closed","template":"","meta":{"footnotes":""},"class_list":["post-1229","page","type-page","status-publish","hentry"],"_links":{"self":[{"href":"https:\/\/onyx-energy.com\/de\/wp-json\/wp\/v2\/pages\/1229","targetHints":{"allow":["GET"]}}],"collection":[{"href":"https:\/\/onyx-energy.com\/de\/wp-json\/wp\/v2\/pages"}],"about":[{"href":"https:\/\/onyx-energy.com\/de\/wp-json\/wp\/v2\/types\/page"}],"author":[{"embeddable":true,"href":"https:\/\/onyx-energy.com\/de\/wp-json\/wp\/v2\/users\/1"}],"replies":[{"embeddable":true,"href":"https:\/\/onyx-energy.com\/de\/wp-json\/wp\/v2\/comments?post=1229"}],"version-history":[{"count":19,"href":"https:\/\/onyx-energy.com\/de\/wp-json\/wp\/v2\/pages\/1229\/revisions"}],"predecessor-version":[{"id":1962,"href":"https:\/\/onyx-energy.com\/de\/wp-json\/wp\/v2\/pages\/1229\/revisions\/1962"}],"wp:attachment":[{"href":"https:\/\/onyx-energy.com\/de\/wp-json\/wp\/v2\/media?parent=1229"}],"curies":[{"name":"wp","href":"https:\/\/api.w.org\/{rel}","templated":true}]}}