{"id":1229,"date":"2026-01-07T07:52:54","date_gmt":"2026-01-07T07:52:54","guid":{"rendered":"https:\/\/onyx-energy.com\/?page_id=1229"},"modified":"2026-01-17T12:42:21","modified_gmt":"2026-01-17T12:42:21","slug":"privacy-policy","status":"publish","type":"page","link":"https:\/\/onyx-energy.com\/es\/privacy-policy\/","title":{"rendered":"Pol\u00edtica de privacidad"},"content":{"rendered":"<div data-elementor-type=\"wp-page\" data-elementor-id=\"1229\" class=\"elementor elementor-1229\" data-elementor-post-type=\"page\">\n\t\t\t\t<div class=\"elementor-element elementor-element-9328c2e e-flex e-con-boxed e-con e-parent\" data-id=\"9328c2e\" data-element_type=\"container\" data-e-type=\"container\" data-settings=\"{&quot;background_background&quot;:&quot;classic&quot;}\">\n\t\t\t\t\t<div class=\"e-con-inner\">\n\t\t<div class=\"elementor-element elementor-element-3be6032 e-con-full e-flex e-con e-child\" data-id=\"3be6032\" data-element_type=\"container\" data-e-type=\"container\">\n\t\t\t\t<div class=\"elementor-element elementor-element-c0a2dad elementor-icon-list--layout-inline elementor-list-item-link-full_width elementor-widget elementor-widget-icon-list\" data-id=\"c0a2dad\" data-element_type=\"widget\" data-e-type=\"widget\" data-widget_type=\"icon-list.default\">\n\t\t\t\t\t\t\t<ul class=\"elementor-icon-list-items elementor-inline-items\">\n\t\t\t\t\t\t\t<li class=\"elementor-icon-list-item elementor-inline-item\">\n\t\t\t\t\t\t\t\t\t\t\t<a href=\"https:\/\/onyx-energy.com\/es\/\">\n\n\t\t\t\t\t\t\t\t\t\t\t<span class=\"elementor-icon-list-text\">Inicio<\/span>\n\t\t\t\t\t\t\t\t\t\t\t<\/a>\n\t\t\t\t\t\t\t\t\t<\/li>\n\t\t\t\t\t\t\t\t<li class=\"elementor-icon-list-item elementor-inline-item\">\n\t\t\t\t\t\t\t\t\t\t\t<a href=\"https:\/\/onyx-energy.com\/es\/privacy-policy\/\">\n\n\t\t\t\t\t\t\t\t\t\t\t\t<span class=\"elementor-icon-list-icon\">\n\t\t\t\t\t\t\t<i aria-hidden=\"true\" class=\"icon icon-right-arrow\"><\/i>\t\t\t\t\t\t<\/span>\n\t\t\t\t\t\t\t\t\t\t<span class=\"elementor-icon-list-text\">Pol\u00edtica de privacidad<\/span>\n\t\t\t\t\t\t\t\t\t\t\t<\/a>\n\t\t\t\t\t\t\t\t\t<\/li>\n\t\t\t\t\t\t<\/ul>\n\t\t\t\t\t\t<\/div>\n\t\t\t\t<div class=\"elementor-element elementor-element-42b73f7 elementor-widget__width-inherit elementor-widget elementor-widget-heading\" data-id=\"42b73f7\" data-element_type=\"widget\" data-e-type=\"widget\" data-widget_type=\"heading.default\">\n\t\t\t\t\t<h1 class=\"elementor-heading-title elementor-size-default\">Pol\u00edtica de privacidad<\/h1>\t\t\t\t<\/div>\n\t\t\t\t<\/div>\n\t\t\t\t\t<\/div>\n\t\t\t\t<\/div>\n\t\t<div class=\"elementor-element elementor-element-71aaf52d e-flex e-con-boxed e-con e-parent\" data-id=\"71aaf52d\" data-element_type=\"container\" data-e-type=\"container\">\n\t\t\t\t\t<div class=\"e-con-inner\">\n\t\t<div class=\"elementor-element elementor-element-7b88318 e-con-full e-flex e-con e-child\" data-id=\"7b88318\" data-element_type=\"container\" data-e-type=\"container\">\n\t\t<div class=\"elementor-element elementor-element-3cb46023 e-con-full e-flex e-con e-child\" data-id=\"3cb46023\" data-element_type=\"container\" data-e-type=\"container\">\n\t\t\t\t<div class=\"elementor-element elementor-element-1791b2b elementor-widget elementor-widget-text-editor\" data-id=\"1791b2b\" data-element_type=\"widget\" data-e-type=\"widget\" data-widget_type=\"text-editor.default\">\n\t\t\t\t\t\t\t\t\t<p data-start=\"252\" data-end=\"370\"><strong data-start=\"252\" data-end=\"269\">Rchitech GmbH<\/strong><br data-start=\"269\" data-end=\"272\" \/>Onyx-Energy<br data-start=\"283\" data-end=\"286\" \/>Thermal Battery Solutions<br data-start=\"311\" data-end=\"314\" \/>Schweizistrasse 30D<br data-start=\"333\" data-end=\"336\" \/>CH-5102 Rupperswil<br data-start=\"354\" data-end=\"357\" \/>Suiza<\/p><p data-start=\"372\" data-end=\"431\">E-mail: <a rel=\"noopener\" data-start=\"380\" data-end=\"399\">info@onyx-energy.ch<\/a><br data-start=\"399\" data-end=\"402\" \/>\ud83c\udf10 P\u00e1gina web: <a href=\"http:\/\/www.onyx-energy.ch\" target=\"_new\" rel=\"noopener\" data-start=\"411\" data-end=\"429\">www.onyx-energy.ch<\/a><\/p><hr data-start=\"433\" data-end=\"436\" \/><h3 data-start=\"438\" data-end=\"460\">1. Responsable del Tratamiento de Datos<\/h3><p data-start=\"461\" data-end=\"548\">El responsable del tratamiento de los datos personales en este sitio web es:<\/p><p data-start=\"550\" data-end=\"626\"><strong data-start=\"550\" data-end=\"567\">Rchitech GmbH<\/strong><br data-start=\"567\" data-end=\"570\" \/>Schweizistrasse 30D<br data-start=\"589\" data-end=\"592\" \/>CH-5102 Rupperswil<br data-start=\"610\" data-end=\"613\" \/>Suiza<\/p><p data-start=\"628\" data-end=\"719\">Para todas las preguntas relacionadas con la protecci\u00f3n de datos, puede contactarnos en: <a href=\"mailto:info@rchitech.ch\" rel=\"noopener\" data-start=\"701\" data-end=\"717\">info@rchitech.ch<\/a><\/p><hr data-start=\"721\" data-end=\"724\" \/><h3 data-start=\"726\" data-end=\"753\">2. \u00c1mbito de aplicaci\u00f3n<\/h3><p data-start=\"754\" data-end=\"1004\">Este Aviso de Privacidad se aplica a todos los servicios en l\u00ednea, formularios de contacto y formularios de an\u00e1lisis del sitio web <a href=\"http:\/\/www.onyx-energy.ch\" target=\"_new\" rel=\"noopener\" data-start=\"855\" data-end=\"873\">www.onyx-energy.ch<\/a>.<br data-start=\"874\" data-end=\"877\" \/>Se basa tanto en la Ley Federal Suiza de Protecci\u00f3n de Datos (FADP \/ DSG) como en el Reglamento General de Protecci\u00f3n de Datos de la UE (GDPR).<\/p><hr data-start=\"1006\" data-end=\"1009\" \/><h3 data-start=\"1011\" data-end=\"1047\">3. Principios del tratamiento de datos<\/h3><p data-start=\"1048\" data-end=\"1102\">Tratamos los datos personales \u00fanicamente en la medida necesaria:<\/p><ul data-start=\"1104\" data-end=\"1286\"><li data-start=\"1104\" data-end=\"1151\"><p data-start=\"1106\" data-end=\"1151\">para proporcionar un sitio web funcional y seguro,<\/p><\/li><li data-start=\"1152\" data-end=\"1177\"><p data-start=\"1154\" data-end=\"1177\">para gestionar consultas,<\/p><\/li><li data-start=\"1178\" data-end=\"1248\"><p data-start=\"1180\" data-end=\"1248\">para llevar a cabo medidas precontractuales (por ejemplo, evaluaciones de necesidades), o<\/p><\/li><li data-start=\"1249\" data-end=\"1286\"><p data-start=\"1251\" data-end=\"1286\">para cumplir con las obligaciones contractuales.<\/p><\/li><\/ul><p data-start=\"1288\" data-end=\"1469\">Los datos no se divulgar\u00e1n a terceros, salvo que sea t\u00e9cnicamente o legalmente necesario (por ejemplo, proveedores de alojamiento o socios del proyecto como <strong data-start=\"1429\" data-end=\"1449\">HeatVentors Ltd.<\/strong> para el dise\u00f1o del sistema).<\/p><hr data-start=\"1471\" data-end=\"1474\" \/><h3 data-start=\"1476\" data-end=\"1510\">4. Datos recopilados y finalidades<\/h3><h4 data-start=\"1512\" data-end=\"1555\">4.1 Formularios de contacto y evaluaci\u00f3n de necesidades<\/h4><p data-start=\"1556\" data-end=\"1837\">Cuando env\u00eda un formulario, los datos que proporciona (nombre, direcci\u00f3n de correo electr\u00f3nico, n\u00famero de tel\u00e9fono, nombre de la empresa, datos t\u00e9cnicos de la aplicaci\u00f3n, etc.) se utilizar\u00e1n exclusivamente para procesar su solicitud.<br data-start=\"1734\" data-end=\"1737\" \/>Los datos se utilizan para simular posibles ahorros de energ\u00eda y preparar una propuesta de proyecto individual.<\/p><h4 data-start=\"1839\" data-end=\"1870\">4.2 Comunicaci\u00f3n por correo electr\u00f3nico<\/h4><p data-start=\"1871\" data-end=\"1971\">Los correos electr\u00f3nicos que nos env\u00ede se transmiten mediante conexiones seguras y son procesados \u00fanicamente por personal autorizado.<\/p><h4 data-start=\"1973\" data-end=\"1998\">4.3 Archivos de registro del servidor<\/h4><p data-start=\"1999\" data-end=\"2310\">Al visitar nuestro sitio web, el servidor web recopila autom\u00e1ticamente datos t\u00e9cnicos (direcci\u00f3n IP, fecha y hora, tipo de navegador, sistema operativo, URL de referencia).<br data-start=\"2153\" data-end=\"2156\" \/>Estos datos se utilizan \u00fanicamente para garantizar el funcionamiento t\u00e9cnico y la seguridad del sitio web, as\u00ed como para el an\u00e1lisis de errores. No se combinan con otras fuentes de datos.<\/p><hr data-start=\"2312\" data-end=\"2315\" \/><h3 data-start=\"2317\" data-end=\"2335\">5. Bases legales<\/h3><ul data-start=\"2337\" data-end=\"2677\"><li data-start=\"2337\" data-end=\"2433\"><p data-start=\"2339\" data-end=\"2433\">Art. 6(1)(b) del RGPD \u2013 Tratamiento necesario para la ejecuci\u00f3n de un contrato o para la aplicaci\u00f3n de medidas precontractuales<\/p><\/li><li data-start=\"2434\" data-end=\"2490\"><p data-start=\"2436\" data-end=\"2490\">Art. 6(1)(a) del RGPD \u2013 Consentimiento (por ejemplo, para formularios de contacto)<\/p><\/li><li data-start=\"2491\" data-end=\"2587\"><p data-start=\"2493\" data-end=\"2587\">Art. 6(1)(f) del RGPD \u2013 Inter\u00e9s leg\u00edtimo en el funcionamiento seguro y eficiente del sitio web<\/p><\/li><li data-start=\"2588\" data-end=\"2677\"><p data-start=\"2590\" data-end=\"2677\">Art. 31 de la LPD suiza (DSG) \u2013 Tratamiento de datos l\u00edcito, proporcional y limitado a la finalidad<\/p><\/li><\/ul><hr data-start=\"2679\" data-end=\"2682\" \/><h3 data-start=\"2684\" data-end=\"2718\">6. Cookies y herramientas de an\u00e1lisis<\/h3><p data-start=\"2719\" data-end=\"2879\">Nuestro sitio web utiliza cookies para habilitar funciones esenciales (por ejemplo, guardar los datos introducidos en formularios).<br data-start=\"2801\" data-end=\"2804\" \/>Optional anonymous statistics cookies may be used to analyze website usage.<\/p><p data-start=\"2881\" data-end=\"2936\">Si se utilizan Google Analytics, Matomo u herramientas similares:<\/p><ul data-start=\"2938\" data-end=\"3047\"><li data-start=\"2938\" data-end=\"2985\"><p data-start=\"2940\" data-end=\"2985\">La anonimizaci\u00f3n de IP (\u201cenmascaramiento de IP\u201d) est\u00e1 habilitada,<\/p><\/li><li data-start=\"2986\" data-end=\"3047\"><p data-start=\"2988\" data-end=\"3047\">El an\u00e1lisis se utiliza \u00fanicamente para mejorar nuestros servicios en l\u00ednea.<\/p><\/li><\/ul><p data-start=\"3049\" data-end=\"3213\">Puede desactivar las cookies en cualquier momento a trav\u00e9s de la configuraci\u00f3n de su navegador.<br data-start=\"3111\" data-end=\"3114\" \/>En su primera visita, aparecer\u00e1 un banner de cookies que le permitir\u00e1 gestionar sus preferencias de consentimiento.<\/p><hr data-start=\"3215\" data-end=\"3218\" \/><h3 data-start=\"3220\" data-end=\"3256\">7. Alojamiento y transmisi\u00f3n de datos<\/h3><p><strong style=\"color: #000000; font-size: medium; letter-spacing: normal;\" data-start=\"221\" data-end=\"238\">Nombre de la empresa<\/strong><span style=\"color: #000000; font-size: medium; letter-spacing: normal;\"> Hostinger International Ltd.<\/span><br style=\"color: #000000; font-size: medium; letter-spacing: normal;\" data-start=\"267\" data-end=\"270\" \/><strong style=\"color: #000000; font-size: medium; letter-spacing: normal;\" data-start=\"270\" data-end=\"300\">Direcci\u00f3n de la sede social:<\/strong><span style=\"color: #000000; font-size: medium; letter-spacing: normal;\"> 61 Lordou Vironos Street, Lumiel Building, 4th Floor, 6023 Larnaca, Cyprus<\/span><br style=\"color: #000000; font-size: medium; letter-spacing: normal;\" data-start=\"375\" data-end=\"378\" \/><strong style=\"color: #000000; font-size: medium; letter-spacing: normal;\" data-start=\"378\" data-end=\"398\">Direcci\u00f3n postal:<\/strong><span style=\"color: #000000; font-size: medium; letter-spacing: normal;\"> 61 Lordou Vironos Street, Lumiel Building, 4th Floor, 6023 Larnaca, Cyprus<\/span><br style=\"color: #000000; font-size: medium; letter-spacing: normal;\" data-start=\"473\" data-end=\"476\" \/><strong style=\"color: #000000; font-size: medium; letter-spacing: normal;\" data-start=\"476\" data-end=\"508\">N\u00famero de registro de la empresa:<\/strong><span style=\"color: #000000; font-size: medium; letter-spacing: normal;\"> HE 301365 (Registro Mercantil de Chipre)<\/span><br style=\"color: #000000; font-size: medium; letter-spacing: normal;\" data-start=\"550\" data-end=\"553\" data-is-only-node=\"\" \/><strong style=\"color: #000000; font-size: medium; letter-spacing: normal;\" data-start=\"553\" data-end=\"568\">N\u00famero de IVA:<\/strong><span style=\"color: #000000; font-size: medium; letter-spacing: normal;\"> CY10301365E<\/span><br style=\"color: #000000; font-size: medium; letter-spacing: normal;\" data-start=\"580\" data-end=\"583\" \/><strong style=\"color: #000000; font-size: medium; letter-spacing: normal;\" data-start=\"583\" data-end=\"595\">\ud83c\udf10 P\u00e1gina web:<\/strong> <a style=\"font-size: medium; letter-spacing: normal;\" href=\"https:\/\/www.hostinger.com?utm_source=chatgpt.com\" target=\"_new\" rel=\"noopener\" data-start=\"596\" data-end=\"621\">https:\/\/www.hostinger.com<\/a><\/p><p><strong style=\"font-size: medium; color: #000000; letter-spacing: normal;\" data-start=\"624\" data-end=\"642\">Correo electr\u00f3nico de contacto:<\/strong> <a style=\"background-color: #f4f5f4; font-size: medium; color: #000000; letter-spacing: normal;\" rel=\"noopener\" data-start=\"643\" data-end=\"667\">compliance@hostinger.com<br \/><\/a><span style=\"letter-spacing: -0.2px;\"><br \/>La ubicaci\u00f3n del servidor se encuentra en Suiza o en la UE y ofrece un nivel adecuado de protecci\u00f3n de datos.<\/span><\/p><p data-start=\"3467\" data-end=\"3587\">Los datos sensibles se transmiten exclusivamente a trav\u00e9s de conexiones cifradas mediante SSL\/TLS (reconocibles por \u201chttps:\/\/\u201d en el navegador).<\/p><hr data-start=\"3589\" data-end=\"3592\" \/><h3 data-start=\"3594\" data-end=\"3633\">8. Comunicaci\u00f3n de datos a terceros<\/h3><p data-start=\"3634\" data-end=\"3674\">Los datos personales solo se comunicar\u00e1n si:<\/p><ul data-start=\"3676\" data-end=\"3881\"><li data-start=\"3676\" data-end=\"3738\"><p data-start=\"3678\" data-end=\"3738\">es necesario para la ejecuci\u00f3n del proyecto con el fabricante,<\/p><\/li><li data-start=\"3739\" data-end=\"3841\"><p data-start=\"3741\" data-end=\"3841\">es necesario para la ejecuci\u00f3n del proyecto con el fabricante,<\/p><\/li><li data-start=\"3842\" data-end=\"3881\"><p data-start=\"3844\" data-end=\"3881\">existe una obligaci\u00f3n legal de hacerlo.<\/p><\/li><\/ul><p data-start=\"3883\" data-end=\"3970\">En todos los casos, se celebran los acuerdos adecuados de confidencialidad y tratamiento de datos.<\/p><hr data-start=\"3972\" data-end=\"3975\" \/><h3 data-start=\"3977\" data-end=\"4011\">9. Conservaci\u00f3n y eliminaci\u00f3n de datos<\/h3><p data-start=\"4012\" data-end=\"4268\">Los datos procedentes de consultas y proyectos se conservan \u00fanicamente durante el tiempo necesario para su tramitaci\u00f3n y fines de documentaci\u00f3n (por lo general, no m\u00e1s de <strong data-start=\"4149\" data-end=\"4162\">24 meses<\/strong>), salvo que existan obligaciones legales de conservaci\u00f3n.<br data-start=\"4210\" data-end=\"4213\" \/>Posteriormente, los datos se eliminan de forma segura o se anonimizan.<\/p><hr data-start=\"4270\" data-end=\"4273\" \/><h3 data-start=\"4275\" data-end=\"4294\">10. Sus derechos<\/h3><p data-start=\"4295\" data-end=\"4329\">Tiene derecho en cualquier momento a:<\/p><ul data-start=\"4331\" data-end=\"4571\"><li data-start=\"4331\" data-end=\"4398\"><p data-start=\"4333\" data-end=\"4398\">acceder a sus datos personales almacenados (Art. 15 del RGPD \/ Art. 25 de la LPD),<\/p><\/li><li data-start=\"4399\" data-end=\"4436\"><p data-start=\"4401\" data-end=\"4436\">la rectificaci\u00f3n de datos inexactos,<\/p><\/li><li data-start=\"4437\" data-end=\"4489\"><p data-start=\"4439\" data-end=\"4489\">la supresi\u00f3n de sus datos (\u00abderecho al olvido\u00bb),<\/p><\/li><li data-start=\"4490\" data-end=\"4536\"><p data-start=\"4492\" data-end=\"4536\">la limitaci\u00f3n del tratamiento o la oposici\u00f3n al mismo,<\/p><\/li><li data-start=\"4537\" data-end=\"4571\"><p data-start=\"4539\" data-end=\"4571\">la portabilidad de los datos (Art. 20 del RGPD).<\/p><\/li><\/ul><p data-start=\"4573\" data-end=\"4649\">Para ejercer sus derechos, simplemente env\u00ede un correo electr\u00f3nico a:<br data-start=\"4622\" data-end=\"4625\" \/><img decoding=\"async\" role=\"img\" draggable=\"false\" src=\"https:\/\/s.w.org\/images\/core\/emoji\/17.0.2\/svg\/1f4e7.svg\" alt=\"\ud83d\udce7\" \/> <a rel=\"noopener\" data-start=\"4628\" data-end=\"4647\">info@onyx-energy.ch<\/a><\/p><p data-start=\"4651\" data-end=\"4737\">Tambi\u00e9n tiene derecho a presentar una reclamaci\u00f3n ante la autoridad de control competente:<\/p><ul data-start=\"4739\" data-end=\"4897\"><li data-start=\"4739\" data-end=\"4820\"><p data-start=\"4741\" data-end=\"4820\"><strong data-start=\"4741\" data-end=\"4757\">Suiza<\/strong> Comisionado Federal de Protecci\u00f3n de Datos e Informaci\u00f3n (FDPIC)<\/p><\/li><li data-start=\"4821\" data-end=\"4897\"><p data-start=\"4823\" data-end=\"4897\"><strong data-start=\"4823\" data-end=\"4830\">UE<\/strong> la autoridad competente en su pa\u00eds de residencia o lugar de trabajo.<\/p><\/li><\/ul><hr data-start=\"4899\" data-end=\"4902\" \/><h3 data-start=\"4904\" data-end=\"4925\">11. Seguridad de los datos<\/h3><p data-start=\"4926\" data-end=\"5197\">Aplicamos medidas t\u00e9cnicas y organizativas de seguridad modernas (cortafuegos, controles de acceso, copias de seguridad peri\u00f3dicas) para proteger sus datos contra p\u00e9rdida, uso indebido y accesos no autorizados.<br data-start=\"5102\" data-end=\"5105\" \/>Todos los empleados y socios est\u00e1n contractualmente obligados a mantener la confidencialidad y a cumplir con el RGPD.<\/p><hr data-start=\"5199\" data-end=\"5202\" \/><h3 data-start=\"5204\" data-end=\"5245\">12. Modificaciones de este Aviso de Privacidad<\/h3><p data-start=\"5246\" data-end=\"5460\">Onyx Energy se reserva el derecho de modificar este Aviso de Privacidad para reflejar cambios en los requisitos legales o en los desarrollos t\u00e9cnicos.<br data-start=\"5373\" data-end=\"5376\" \/>La versi\u00f3n actual est\u00e1 siempre disponible en:<br data-start=\"5419\" data-end=\"5422\" \/><a href=\"https:\/\/onyx-energy.com\/es\/privacy-policy\/\" target=\"_new\" rel=\"noopener\" data-start=\"5425\" data-end=\"5458\">www.onyx-energy.com\/privacy-policy<\/a><\/p>\t\t\t\t\t\t\t\t<\/div>\n\t\t\t\t<\/div>\n\t\t\t\t<\/div>\n\t\t\t\t\t<\/div>\n\t\t\t\t<\/div>\n\t\t\t\t<\/div>","protected":false},"excerpt":{"rendered":"<p>Home Privacy policy Rchitech GmbHOnyx-EnergyThermal Battery SolutionsSchweizistrasse 30DCH-5102 RupperswilSwitzerland E-mail: info@onyx-energy.chWebsite: www.onyx-energy.ch 1. Data Controller The data controller responsible for the processing of personal data on this website is: Rchitech GmbHSchweizistrasse 30DCH-5102 RupperswilSwitzerland For all questions regarding data protection, you can contact us at: info@rchitech.ch 2. Scope of Application This Privacy Notice applies to all [&hellip;]<\/p>\n","protected":false},"author":1,"featured_media":0,"parent":0,"menu_order":0,"comment_status":"closed","ping_status":"closed","template":"","meta":{"footnotes":""},"class_list":["post-1229","page","type-page","status-publish","hentry"],"_links":{"self":[{"href":"https:\/\/onyx-energy.com\/es\/wp-json\/wp\/v2\/pages\/1229","targetHints":{"allow":["GET"]}}],"collection":[{"href":"https:\/\/onyx-energy.com\/es\/wp-json\/wp\/v2\/pages"}],"about":[{"href":"https:\/\/onyx-energy.com\/es\/wp-json\/wp\/v2\/types\/page"}],"author":[{"embeddable":true,"href":"https:\/\/onyx-energy.com\/es\/wp-json\/wp\/v2\/users\/1"}],"replies":[{"embeddable":true,"href":"https:\/\/onyx-energy.com\/es\/wp-json\/wp\/v2\/comments?post=1229"}],"version-history":[{"count":19,"href":"https:\/\/onyx-energy.com\/es\/wp-json\/wp\/v2\/pages\/1229\/revisions"}],"predecessor-version":[{"id":1962,"href":"https:\/\/onyx-energy.com\/es\/wp-json\/wp\/v2\/pages\/1229\/revisions\/1962"}],"wp:attachment":[{"href":"https:\/\/onyx-energy.com\/es\/wp-json\/wp\/v2\/media?parent=1229"}],"curies":[{"name":"wp","href":"https:\/\/api.w.org\/{rel}","templated":true}]}}