{"id":1231,"date":"2026-01-07T07:53:07","date_gmt":"2026-01-07T07:53:07","guid":{"rendered":"https:\/\/onyx-energy.com\/?page_id=1231"},"modified":"2026-01-15T14:01:51","modified_gmt":"2026-01-15T14:01:51","slug":"legal-notice","status":"publish","type":"page","link":"https:\/\/onyx-energy.com\/es\/legal-notice\/","title":{"rendered":"Aviso legal"},"content":{"rendered":"<div data-elementor-type=\"wp-page\" data-elementor-id=\"1231\" class=\"elementor elementor-1231\" data-elementor-post-type=\"page\">\n\t\t\t\t<div class=\"elementor-element elementor-element-a53472b e-flex e-con-boxed e-con e-parent\" data-id=\"a53472b\" data-element_type=\"container\" data-e-type=\"container\" data-settings=\"{&quot;background_background&quot;:&quot;classic&quot;}\">\n\t\t\t\t\t<div class=\"e-con-inner\">\n\t\t<div class=\"elementor-element elementor-element-121c3b8 e-con-full e-flex e-con e-child\" data-id=\"121c3b8\" data-element_type=\"container\" data-e-type=\"container\">\n\t\t\t\t<div class=\"elementor-element elementor-element-7e7d839 elementor-icon-list--layout-inline elementor-list-item-link-full_width elementor-widget elementor-widget-icon-list\" data-id=\"7e7d839\" data-element_type=\"widget\" data-e-type=\"widget\" data-widget_type=\"icon-list.default\">\n\t\t\t\t\t\t\t<ul class=\"elementor-icon-list-items elementor-inline-items\">\n\t\t\t\t\t\t\t<li class=\"elementor-icon-list-item elementor-inline-item\">\n\t\t\t\t\t\t\t\t\t\t\t<a href=\"https:\/\/onyx-energy.com\/es\/\">\n\n\t\t\t\t\t\t\t\t\t\t\t<span class=\"elementor-icon-list-text\">Inicio<\/span>\n\t\t\t\t\t\t\t\t\t\t\t<\/a>\n\t\t\t\t\t\t\t\t\t<\/li>\n\t\t\t\t\t\t\t\t<li class=\"elementor-icon-list-item elementor-inline-item\">\n\t\t\t\t\t\t\t\t\t\t\t<a href=\"https:\/\/onyx-energy.com\/es\/legal-notice\/\">\n\n\t\t\t\t\t\t\t\t\t\t\t\t<span class=\"elementor-icon-list-icon\">\n\t\t\t\t\t\t\t<i aria-hidden=\"true\" class=\"icon icon-right-arrow\"><\/i>\t\t\t\t\t\t<\/span>\n\t\t\t\t\t\t\t\t\t\t<span class=\"elementor-icon-list-text\">Menciones legales<\/span>\n\t\t\t\t\t\t\t\t\t\t\t<\/a>\n\t\t\t\t\t\t\t\t\t<\/li>\n\t\t\t\t\t\t<\/ul>\n\t\t\t\t\t\t<\/div>\n\t\t\t\t<div class=\"elementor-element elementor-element-7b7ae22 elementor-widget__width-inherit elementor-widget elementor-widget-heading\" data-id=\"7b7ae22\" data-element_type=\"widget\" data-e-type=\"widget\" data-widget_type=\"heading.default\">\n\t\t\t\t\t<h1 class=\"elementor-heading-title elementor-size-default\">Aviso legal<\/h1>\t\t\t\t<\/div>\n\t\t\t\t<\/div>\n\t\t\t\t\t<\/div>\n\t\t\t\t<\/div>\n\t\t<div class=\"elementor-element elementor-element-70b5171 e-flex e-con-boxed e-con e-parent\" data-id=\"70b5171\" data-element_type=\"container\" data-e-type=\"container\">\n\t\t\t\t\t<div class=\"e-con-inner\">\n\t\t<div class=\"elementor-element elementor-element-74878fc e-con-full e-flex e-con e-child\" data-id=\"74878fc\" data-element_type=\"container\" data-e-type=\"container\">\n\t\t<div class=\"elementor-element elementor-element-fcfd6df e-con-full e-flex e-con e-child\" data-id=\"fcfd6df\" data-element_type=\"container\" data-e-type=\"container\">\n\t\t\t\t<div class=\"elementor-element elementor-element-6680e1d elementor-widget elementor-widget-text-editor\" data-id=\"6680e1d\" data-element_type=\"widget\" data-e-type=\"widget\" data-widget_type=\"text-editor.default\">\n\t\t\t\t\t\t\t\t\t<h3 data-start=\"132\" data-end=\"189\">1. Informaci\u00f3n con arreglo al art. 3 UWG \/ Art. 957 OR<\/h3><p data-start=\"190\" data-end=\"304\">Rchitech GmbH<br data-start=\"203\" data-end=\"206\" \/>Onyx Energy | Soluciones de bater\u00edas t\u00e9rmicas<br data-start=\"245\" data-end=\"248\" \/>Schweizistrasse 30D<br data-start=\"267\" data-end=\"270\" \/>CH-5102 Rupperswil<br data-start=\"288\" data-end=\"291\" \/>Suiza<\/p><p>\ud83d\udce7 Email: info@rchitech.ch<br data-start=\"364\" data-end=\"367\" \/>\ud83c\udf10 P\u00e1gina web: <a href=\"https:\/\/onyx-energy.com\/es\/\">www.onyx-energy.com<\/a><\/p><h3 data-start=\"401\" data-end=\"435\">2. Representante autorizado<\/h3><p data-start=\"436\" data-end=\"472\">Director General:<br data-start=\"454\" data-end=\"457\" \/><strong data-start=\"457\" data-end=\"472\">David Hajas<\/strong><\/p><h3 data-start=\"474\" data-end=\"502\">3. 3. Informaci\u00f3n sobre la empresa<\/h3><p data-start=\"503\" data-end=\"665\">Registro Mercantil: Oficina del Registro Mercantil del Cant\u00f3n de Argovia<br data-start=\"574\" data-end=\"577\" \/>N\u00famero de identificaci\u00f3n de la empresa (UID): CHE-433.407.184<br data-start=\"629\" data-end=\"632\" \/>N\u00famero de IVA: CHE-433.407.184 IVA<\/p><h3 data-start=\"667\" data-end=\"693\">4. 4. Objeto social<\/h3><p data-start=\"694\" data-end=\"995\">Rchitech GmbH desarrolla, distribuye e implanta soluciones de almacenamiento de energ\u00eda t\u00e9rmica basadas en materiales de cambio de fase (PCM).<br data-start=\"817\" data-end=\"820\" \/>La empresa ofrece servicios de consultor\u00eda, dise\u00f1o de sistemas, suministro e instalaci\u00f3n de sistemas de bater\u00edas t\u00e9rmicas llave en mano para aplicaciones industriales, comerciales, de edificios y redes de energ\u00eda.<\/p><h3 data-start=\"997\" data-end=\"1016\">5. Descargo de responsabilidad<\/h3><p data-start=\"1017\" data-end=\"1560\">Los contenidos de este sitio web se han creado con el m\u00e1ximo cuidado.<br data-start=\"1085\" data-end=\"1088\" \/>Sin embargo, Rchitech GmbH no asume ninguna responsabilidad por la exactitud, integridad o actualidad de la informaci\u00f3n proporcionada.<br data-start=\"1206\" data-end=\"1209\" \/>Toda la informaci\u00f3n se facilita \u00fanicamente a efectos informativos generales y no constituye una oferta contractual.<br data-start=\"1312\" data-end=\"1315\" \/>Rchitech GmbH se reserva el derecho de modificar o eliminar contenidos en cualquier momento sin previo aviso.<br data-start=\"1409\" data-end=\"1412\" \/>La responsabilidad por da\u00f1os materiales o inmateriales derivados de la utilizaci\u00f3n o no utilizaci\u00f3n de la informaci\u00f3n facilitada queda excluida en la medida en que lo permita la ley.<\/p><h3 data-start=\"1562\" data-end=\"1585\">6. Enlaces externos<\/h3><p data-start=\"1586\" data-end=\"1840\">Este sitio web puede contener enlaces a sitios web externos de terceros sobre cuyo contenido no tenemos ning\u00fan control.<br data-start=\"1688\" data-end=\"1691\" \/>Los operadores respectivos son los \u00fanicos responsables del contenido de los sitios web enlazados.<br data-start=\"1778\" data-end=\"1781\" \/>En el momento de establecer el enlace, no se identific\u00f3 ning\u00fan contenido il\u00edcito.<\/p><h3 data-start=\"1842\" data-end=\"1860\">7. Derechos de autor<\/h3><p data-start=\"1861\" data-end=\"2128\">Todos los contenidos, textos, im\u00e1genes, gr\u00e1ficos, v\u00eddeos y dise\u00f1os de este sitio web est\u00e1n protegidos por la ley de propiedad intelectual.<br data-start=\"1966\" data-end=\"1969\" \/>Cualquier reproducci\u00f3n, edici\u00f3n o uso m\u00e1s all\u00e1 de los l\u00edmites de la ley de derechos de autor requiere el consentimiento previo por escrito de Onyx Energy GmbH o de los respectivos titulares de los derechos.<\/p><p data-start=\"2130\" data-end=\"2241\">Fuentes de las im\u00e1genes:<br data-start=\"2144\" data-end=\"2147\" \/>- Rchitech GmbH (medios propios)<br data-start=\"2174\" data-end=\"2177\" \/>- Medios con licencia de (por ejemplo, Adobe Stock \/ Pexels \/ Shutterstock)<\/p><h3 data-start=\"2243\" data-end=\"2267\">8. 8. Protecci\u00f3n de datos<\/h3><p data-start=\"2268\" data-end=\"2350\">Encontrar\u00e1 informaci\u00f3n sobre el tratamiento de datos personales en nuestra Pol\u00edtica de privacidad.<\/p><h3 data-start=\"2352\" data-end=\"2390\">9. Ley aplicable y jurisdicci\u00f3n<\/h3><p data-start=\"2391\" data-end=\"2668\">Se aplicar\u00e1 exclusivamente la legislaci\u00f3n suiza, con exclusi\u00f3n de las normas de conflicto de leyes.<br data-start=\"2458\" data-end=\"2461\" \/>El lugar de jurisdicci\u00f3n es el domicilio social de Rchitech GmbH en Suiza.<br data-start=\"2544\" data-end=\"2547\" \/>Para los clientes o socios de la UE, se aplicar\u00e1n adem\u00e1s las disposiciones obligatorias de las respectivas legislaciones nacionales.<\/p><h3 data-start=\"2670\" data-end=\"2746\">10. Resoluci\u00f3n de litigios en l\u00ednea (Notificaci\u00f3n de la UE, si los visitantes son de la UE)<\/h3><p data-start=\"2747\" data-end=\"2936\">De conformidad con el art. 14, apartado 1, del Reglamento (UE) n.\u00ba 524\/2013, nos remitimos a la plataforma de resoluci\u00f3n de litigios en l\u00ednea (RLL) de la Comisi\u00f3n Europea:<br data-start=\"2894\" data-end=\"2897\" \/>\ud83d\udc49 <a class=\"decorated-link\" href=\"https:\/\/consumer-redress.ec.europa.eu\/dispute-resolution-bodies_en?prefLang=de\" target=\"_new\" rel=\"noopener\" data-start=\"2900\" data-end=\"2934\">https:\/\/ec.europa.eu\/consumers\/odr<\/a><\/p><p data-start=\"2938\" data-end=\"3125\">Onyx Energy GmbH no est\u00e1 obligada ni dispuesta a participar en procedimientos de resoluci\u00f3n de litigios ante una junta arbitral de consumo, ya que la empresa realiza exclusivamente transacciones B2B.<\/p><h3 data-start=\"3127\" data-end=\"3144\">11. Contacto<\/h3><p data-start=\"3145\" data-end=\"3262\">Para consultas o notificaciones legales, dir\u00edjase a:<br data-start=\"3192\" data-end=\"3195\" \/>\ud83d\udce7 <a href=\"mailto:info@rchitech.ch\">info@rchitech.ch<\/a><br data-start=\"3217\" data-end=\"3220\" \/>\ud83d\udce0 o por correo a la direcci\u00f3n arriba indicada.<\/p><p data-start=\"3264\" data-end=\"3299\">\ud83d\udcc5 <strong data-start=\"3267\" data-end=\"3283\">\u00daltima actualizaci\u00f3n<\/strong><br data-start=\"3283\" data-end=\"3286\" \/>Noviembre de 2025<\/p>\t\t\t\t\t\t\t\t<\/div>\n\t\t\t\t<\/div>\n\t\t\t\t<\/div>\n\t\t\t\t\t<\/div>\n\t\t\t\t<\/div>\n\t\t\t\t<\/div>","protected":false},"excerpt":{"rendered":"<p>Home Legal notice 1. Information pursuant to Art. 3 UWG \/ Art. 957 OR Rchitech GmbHOnyx Energy | Thermal Battery SolutionsSchweizistrasse 30DCH-5102 RupperswilSwitzerland \ud83d\udce7 Email: info@rchitech.ch\ud83c\udf10 Website: www.onyx-energy.com 2. Authorized Representative Managing Director:David Hajas 3. Company Information Commercial Register: Commercial Register Office of the Canton of AargauCompany Identification Number (UID): CHE-433.407.184VAT Number: CHE-433.407.184 VAT 4. [&hellip;]<\/p>\n","protected":false},"author":1,"featured_media":0,"parent":0,"menu_order":0,"comment_status":"closed","ping_status":"closed","template":"","meta":{"footnotes":""},"class_list":["post-1231","page","type-page","status-publish","hentry"],"_links":{"self":[{"href":"https:\/\/onyx-energy.com\/es\/wp-json\/wp\/v2\/pages\/1231","targetHints":{"allow":["GET"]}}],"collection":[{"href":"https:\/\/onyx-energy.com\/es\/wp-json\/wp\/v2\/pages"}],"about":[{"href":"https:\/\/onyx-energy.com\/es\/wp-json\/wp\/v2\/types\/page"}],"author":[{"embeddable":true,"href":"https:\/\/onyx-energy.com\/es\/wp-json\/wp\/v2\/users\/1"}],"replies":[{"embeddable":true,"href":"https:\/\/onyx-energy.com\/es\/wp-json\/wp\/v2\/comments?post=1231"}],"version-history":[{"count":25,"href":"https:\/\/onyx-energy.com\/es\/wp-json\/wp\/v2\/pages\/1231\/revisions"}],"predecessor-version":[{"id":1837,"href":"https:\/\/onyx-energy.com\/es\/wp-json\/wp\/v2\/pages\/1231\/revisions\/1837"}],"wp:attachment":[{"href":"https:\/\/onyx-energy.com\/es\/wp-json\/wp\/v2\/media?parent=1231"}],"curies":[{"name":"wp","href":"https:\/\/api.w.org\/{rel}","templated":true}]}}