{"id":141,"date":"2025-12-10T12:22:22","date_gmt":"2025-12-10T12:22:22","guid":{"rendered":"https:\/\/onyx-energy.com\/?page_id=141"},"modified":"2026-01-20T08:31:10","modified_gmt":"2026-01-20T08:31:10","slug":"evaluacion-gratuita","status":"publish","type":"page","link":"https:\/\/onyx-energy.com\/es\/free-assessment\/","title":{"rendered":"Evaluaci\u00f3n gratuita"},"content":{"rendered":"<div data-elementor-type=\"wp-page\" data-elementor-id=\"141\" class=\"elementor elementor-141\" data-elementor-post-type=\"page\">\n\t\t\t\t<div class=\"elementor-element elementor-element-6dcfbfb e-flex e-con-boxed e-con e-parent\" data-id=\"6dcfbfb\" data-element_type=\"container\" data-e-type=\"container\" data-settings=\"{&quot;background_background&quot;:&quot;classic&quot;}\">\n\t\t\t\t\t<div class=\"e-con-inner\">\n\t\t<div class=\"elementor-element elementor-element-b8dfb37 e-con-full e-flex e-con e-child\" data-id=\"b8dfb37\" data-element_type=\"container\" data-e-type=\"container\">\n\t\t\t\t<div class=\"elementor-element elementor-element-9a267c9 elementor-icon-list--layout-inline elementor-list-item-link-full_width elementor-widget elementor-widget-icon-list\" data-id=\"9a267c9\" data-element_type=\"widget\" data-e-type=\"widget\" data-widget_type=\"icon-list.default\">\n\t\t\t\t\t\t\t<ul class=\"elementor-icon-list-items elementor-inline-items\">\n\t\t\t\t\t\t\t<li class=\"elementor-icon-list-item elementor-inline-item\">\n\t\t\t\t\t\t\t\t\t\t\t<a href=\"https:\/\/onyx-energy.com\/es\/\">\n\n\t\t\t\t\t\t\t\t\t\t\t<span class=\"elementor-icon-list-text\">Inicio<\/span>\n\t\t\t\t\t\t\t\t\t\t\t<\/a>\n\t\t\t\t\t\t\t\t\t<\/li>\n\t\t\t\t\t\t\t\t<li class=\"elementor-icon-list-item elementor-inline-item\">\n\t\t\t\t\t\t\t\t\t\t\t<a href=\"https:\/\/onyx-energy.com\/es\/evaluacion-gratuita\/\">\n\n\t\t\t\t\t\t\t\t\t\t\t\t<span class=\"elementor-icon-list-icon\">\n\t\t\t\t\t\t\t<i aria-hidden=\"true\" class=\"icon icon-right-arrow\"><\/i>\t\t\t\t\t\t<\/span>\n\t\t\t\t\t\t\t\t\t\t<span class=\"elementor-icon-list-text\">Evaluaci\u00f3n gratuita<\/span>\n\t\t\t\t\t\t\t\t\t\t\t<\/a>\n\t\t\t\t\t\t\t\t\t<\/li>\n\t\t\t\t\t\t<\/ul>\n\t\t\t\t\t\t<\/div>\n\t\t\t\t<div class=\"elementor-element elementor-element-8b351f5 elementor-widget__width-inherit elementor-widget elementor-widget-heading\" data-id=\"8b351f5\" data-element_type=\"widget\" data-e-type=\"widget\" data-widget_type=\"heading.default\">\n\t\t\t\t\t<h1 class=\"elementor-heading-title elementor-size-default\">Perm\u00edtanos calcular su potencial de ahorro.\n<\/h1>\t\t\t\t<\/div>\n\t\t\t\t<\/div>\n\t\t\t\t\t<\/div>\n\t\t\t\t<\/div>\n\t\t<div class=\"elementor-element elementor-element-c269f3c e-flex e-con-boxed e-con e-parent\" data-id=\"c269f3c\" data-element_type=\"container\" data-e-type=\"container\" data-settings=\"{&quot;background_background&quot;:&quot;classic&quot;}\">\n\t\t\t\t\t<div class=\"e-con-inner\">\n\t\t<div class=\"elementor-element elementor-element-ba8c166 e-con-full e-flex e-con e-child\" data-id=\"ba8c166\" data-element_type=\"container\" data-e-type=\"container\">\n\t\t\t\t<div class=\"elementor-element elementor-element-2825385 elementor-widget elementor-widget-shortcode\" data-id=\"2825385\" data-element_type=\"widget\" data-e-type=\"widget\" data-widget_type=\"shortcode.default\">\n\t\t\t\t\t\t\t<div class=\"elementor-shortcode\"><div class='fluentform ff-default fluentform_wrapper_3 ffs_default_wrap'><form data-form_id=\"3\" id=\"fluentform_3\" class=\"frm-fluent-form fluent_form_3 ff-el-form-top ff_form_instance_3_1 ff-form-loading ff_has_v3_recptcha ffs_default\" data-form_instance=\"ff_form_instance_3_1\" method=\"POST\" data-recptcha_key=\"6LdV30wsAAAAALRRxo_aYSI0_dCCtMgUJ3aYayQi\" action=\"\" ><fieldset  style=\"border: none!important;margin: 0!important;padding: 0!important;background-color: transparent!important;box-shadow: none!important;outline: none!important; min-inline-size: 100%;\">\n                    <legend class=\"ff_screen_reader_title\" style=\"display: block; margin: 0!important;padding: 0!important;height: 0!important;text-indent: -999999px;width: 0!important;overflow:hidden;\">Evaluaci\u00f3n gratuita: calcule su potencial de ahorro<\/legend><input type='hidden' name='__fluent_form_embded_post_id' value='141' \/><input type=\"hidden\" id=\"_fluentform_3_fluentformnonce\" name=\"_fluentform_3_fluentformnonce\" value=\"0a6fa28207\" \/><input type=\"hidden\" name=\"_wp_http_referer\" value=\"\/es\/wp-json\/wp\/v2\/pages\/141\" \/><div class='ff-el-group'><div class=\"ff-el-input--label ff-el-is-required asterisk-right\"><label for='ff_3_dropdown' id='label_ff_3_dropdown' aria-label=\"Tipo de consulta\">Tipo de consulta<\/label><\/div><div class='ff-el-input--content'><select name=\"dropdown\" id=\"ff_3_dropdown\" class=\"ff-el-form-control\" data-name=\"dropdown\" data-calc_value=\"0\"  aria-invalid=\"false\" aria-required=\"true\" aria-labelledby=\"label_ff_3_dropdown\"><option value=\"\">- Seleccionar -<\/option><option value=\"Savings assessment \/ project evaluation\"  >Evaluaci\u00f3n de ahorros \/ evaluaci\u00f3n de proyectos<\/option><option value=\"Technical question\"  >Pregunta t\u00e9cnica<\/option><option value=\"Other\"  >Otros<\/option><\/select><\/div><\/div><div class='ff-el-group'><div class=\"ff-el-input--label ff-el-is-required asterisk-right\"><label for='ff_3_optimization_area' id='label_ff_3_optimization_area' aria-label=\"\u00bfQu\u00e9 quieres optimizar?\">\u00bfQu\u00e9 quieres optimizar?<\/label><\/div><div class='ff-el-input--content'><select name=\"optimization_area\" id=\"ff_3_optimization_area\" class=\"ff-el-form-control\" data-name=\"optimization_area\" data-calc_value=\"0\"  aria-invalid=\"false\" aria-required=\"true\" aria-labelledby=\"label_ff_3_optimization_area\"><option value=\"\">- Seleccionar -<\/option><option value=\"building_cooling\"  >Refrigeraci\u00f3n de edificios<\/option><option value=\"building_heating\"  >Calefacci\u00f3n del edificio<\/option><option value=\"industrial_cooling\"  >Refrigeraci\u00f3n de procesos industriales<\/option><option value=\"waste_heat_recovery\"  >Recuperaci\u00f3n del calor residual<\/option><option value=\"data_center_cooling\"  >Refrigeraci\u00f3n de centros de datos<\/option><option value=\"district_heating\"  >Red de calefacci\u00f3n urbana \/ red energ\u00e9tica<\/option><option value=\"other\"  >Otros<\/option><\/select><\/div><\/div><div class='ff-el-group'><div class=\"ff-el-input--label asterisk-right\"><label for='ff_3_additional_information' id='label_ff_3_additional_information' aria-label=\"Informaci\u00f3n adicional (opcional)\">Informaci\u00f3n adicional (opcional)<\/label><\/div><div class='ff-el-input--content'><textarea aria-required=\"false\" aria-labelledby=\"label_ff_3_additional_information\" name=\"additional_information\" id=\"ff_3_additional_information\" class=\"ff-el-form-control\" placeholder=\"Informaci\u00f3n adicional\" rows=\"3\" cols=\"2\" data-name=\"additional_information\" ><\/textarea><\/div><\/div><div class='ff-el-group'><div class=\"ff-el-input--label ff-el-is-required asterisk-right\"><label for='ff_3_email' id='label_ff_3_email' aria-label=\"Correo electr\u00f3nico\">Correo electr\u00f3nico<\/label><\/div><div class='ff-el-input--content'><input type=\"email\" name=\"email\" id=\"ff_3_email\" class=\"ff-el-form-control\" placeholder=\"Direcci\u00f3n de correo electr\u00f3nico\" data-name=\"email\"  aria-invalid=\"false\" aria-required=\"true\"><\/div><\/div><div class='ff-el-group'><div class=\"ff-el-input--label asterisk-right\"><label for='ff_3_phone' id='label_ff_3_phone' aria-label=\"Tel\u00e9fono (incl. c\u00f3digo de pa\u00eds)\">Tel\u00e9fono (incl. c\u00f3digo de pa\u00eds)<\/label><\/div><div class='ff-el-input--content'><input type=\"text\" name=\"phone\" class=\"ff-el-form-control\" placeholder=\"+41 12 345 67 89\" data-name=\"phone\" id=\"ff_3_phone\"  aria-invalid=\"false\" aria-required=\"false\"><\/div><\/div><div class='ff-el-group'><div class=\"ff-el-input--label asterisk-right\"><label for='ff_3_company_name' id='label_ff_3_company_name' >Nombre de la empresa<\/label><\/div><div class='ff-el-input--content'><input type=\"text\" name=\"company_name\" class=\"ff-el-form-control\" placeholder=\"Nombre de la empresa\" data-name=\"company_name\" id=\"ff_3_company_name\"  aria-invalid=\"false\" aria-required=\"false\"><\/div><\/div><div class='ff-el-group    ff-el-input--content'><div class='ff-el-form-check ff-el-tc'><label aria-label='T\u00e9rminos y condiciones: I have read and accept the Privacy Policy. * Contiene 1 enlace. Usa la navegaci\u00f3n por pesta\u00f1as para rese\u00f1ar.' class='ff-el-form-check-label ff_tc_label' for=\"terms-n-condition_cf2fb0520de5505b87d8efd4d4dd5364\"><span class='ff_tc_checkbox'><input type=\"checkbox\" name=\"terms-n-condition\" class=\"ff-el-form-check-input\" data-name=\"terms-n-condition\" id=\"terms-n-condition_cf2fb0520de5505b87d8efd4d4dd5364\"  value='on' aria-invalid='false' aria-required=\"true\"><\/span> <div class='ff_t_c'><p>He le\u00eddo y acepto las <a href=\"https:\/\/onyx-energy.com\/es\/privacy-policy\/\">Pol\u00edtica de privacidad<\/a>. <span style=\"color: #f56c6c;font-weight: 600\">*<\/span><\/p><\/div><\/label><\/div><\/div><div class='ff-el-group ff-text-left ff_submit_btn_wrapper ff_submit_btn_wrapper_custom'><button class=\"ff-btn ff-btn-submit ff-btn-md ff_btn_style wpf_has_custom_css\" type=\"submit\" name=\"custom_submit_button-3_1\" data-name=\"custom_submit_button-3_1\"  aria-label=\"Obtenga una evaluaci\u00f3n gratuita\">Obtenga una evaluaci\u00f3n gratuita<\/button><style>form.fluent_form_3 .wpf_has_custom_css.ff-btn-submit { background-color:#1a7efb;border-color:#1a7efb;color:#ffffff;min-width:100%; }form.fluent_form_3 .wpf_has_custom_css.ff-btn-submit:hover { background-color:#ffffff;border-color:#1a7efb;color:#1a7efb;min-width:100%; } <\/style><\/div><\/fieldset><input type=\"hidden\" name=\"trp-form-language\" value=\"es\"\/><\/form><div id='fluentform_3_errors' class='ff-errors-in-stack ff_form_instance_3_1 ff-form-loading_errors ff_form_instance_3_1_errors'><\/div><\/div>            <script type=\"text\/javascript\">\n                window.fluent_form_ff_form_instance_3_1 = {\"id\":\"3\",\"settings\":{\"layout\":{\"labelPlacement\":\"top\",\"asteriskPlacement\":\"asterisk-right\",\"helpMessagePlacement\":\"with_label\",\"errorMessagePlacement\":\"inline\",\"cssClassName\":\"\"},\"restrictions\":{\"denyEmptySubmission\":{\"enabled\":false}}},\"form_instance\":\"ff_form_instance_3_1\",\"form_id_selector\":\"fluentform_3\",\"rules\":{\"dropdown\":{\"required\":{\"value\":true,\"message\":\"Este campo es obligatorio\",\"global_message\":\"This field is required\",\"global\":true}},\"optimization_area\":{\"required\":{\"value\":true,\"message\":\"Este campo es obligatorio\",\"global_message\":\"This field is required\",\"global\":true}},\"additional_information\":{\"required\":{\"value\":false,\"message\":\"Este campo es obligatorio\",\"global_message\":\"This field is required\",\"global\":true}},\"email\":{\"required\":{\"value\":true,\"message\":\"Este campo es obligatorio\",\"global_message\":\"This field is required\",\"global\":true},\"email\":{\"value\":true,\"message\":\"Este campo debe contener un correo electr\\u00f3nico v\\u00e1lido\",\"global_message\":\"This field must contain a valid email\",\"global\":true}},\"phone\":{\"required\":{\"value\":false,\"message\":\"Este campo es obligatorio\",\"global_message\":\"This field is required\",\"global\":true}},\"company_name\":{\"required\":{\"value\":false,\"message\":\"Este campo es obligatorio\",\"global_message\":\"This field is required\",\"global\":true}},\"terms-n-condition\":{\"required\":{\"value\":true,\"message\":\"Este campo es obligatorio\",\"global_message\":\"This field is required\",\"global\":true}},\"g-recaptcha-response\":[]},\"debounce_time\":300};\n                            <\/script>\n            <\/div>\n\t\t\t\t\t\t<\/div>\n\t\t\t\t<div class=\"elementor-element elementor-element-3efa0cc elementor-widget elementor-widget-heading\" data-id=\"3efa0cc\" data-element_type=\"widget\" data-e-type=\"widget\" data-widget_type=\"heading.default\">\n\t\t\t\t\t<h2 class=\"elementor-heading-title elementor-size-default\">* Campo obligatorio<\/h2>\t\t\t\t<\/div>\n\t\t\t\t<\/div>\n\t\t<div class=\"elementor-element elementor-element-4fc29e6 e-con-full e-flex e-con e-child\" data-id=\"4fc29e6\" data-element_type=\"container\" data-e-type=\"container\">\n\t\t\t\t<div class=\"elementor-element elementor-element-956cdcc elementor-icon-list--layout-traditional elementor-list-item-link-full_width elementor-widget elementor-widget-icon-list\" data-id=\"956cdcc\" data-element_type=\"widget\" data-e-type=\"widget\" data-widget_type=\"icon-list.default\">\n\t\t\t\t\t\t\t<ul class=\"elementor-icon-list-items\">\n\t\t\t\t\t\t\t<li class=\"elementor-icon-list-item\">\n\t\t\t\t\t\t\t\t\t\t\t<span class=\"elementor-icon-list-icon\">\n\t\t\t\t\t\t\t<svg aria-hidden=\"true\" class=\"e-font-icon-svg e-fas-layer-group\" viewbox=\"0 0 512 512\" xmlns=\"http:\/\/www.w3.org\/2000\/svg\"><path d=\"M12.41 148.02l232.94 105.67c6.8 3.09 14.49 3.09 21.29 0l232.94-105.67c16.55-7.51 16.55-32.52 0-40.03L266.65 2.31a25.607 25.607 0 0 0-21.29 0L12.41 107.98c-16.55 7.51-16.55 32.53 0 40.04zm487.18 88.28l-58.09-26.33-161.64 73.27c-7.56 3.43-15.59 5.17-23.86 5.17s-16.29-1.74-23.86-5.17L70.51 209.97l-58.1 26.33c-16.55 7.5-16.55 32.5 0 40l232.94 105.59c6.8 3.08 14.49 3.08 21.29 0L499.59 276.3c16.55-7.5 16.55-32.5 0-40zm0 127.8l-57.87-26.23-161.86 73.37c-7.56 3.43-15.59 5.17-23.86 5.17s-16.29-1.74-23.86-5.17L70.29 337.87 12.41 364.1c-16.55 7.5-16.55 32.5 0 40l232.94 105.59c6.8 3.08 14.49 3.08 21.29 0L499.59 404.1c16.55-7.5 16.55-32.5 0-40z\"><\/path><\/svg>\t\t\t\t\t\t<\/span>\n\t\t\t\t\t\t\t\t\t\t<span class=\"elementor-icon-list-text\">Evaluaci\u00f3n gratuita y consulta<\/span>\n\t\t\t\t\t\t\t\t\t<\/li>\n\t\t\t\t\t\t<\/ul>\n\t\t\t\t\t\t<\/div>\n\t\t\t\t<div class=\"elementor-element elementor-element-852c2ab elementor-widget elementor-widget-heading\" data-id=\"852c2ab\" data-element_type=\"widget\" data-e-type=\"widget\" data-widget_type=\"heading.default\">\n\t\t\t\t\t<h2 class=\"elementor-heading-title elementor-size-default\">Solicite su evaluaci\u00f3n gratuita<\/h2>\t\t\t\t<\/div>\n\t\t\t\t<div class=\"elementor-element elementor-element-c50d0fa elementor-widget-tablet__width-initial elementor-widget elementor-widget-text-editor\" data-id=\"c50d0fa\" data-element_type=\"widget\" data-e-type=\"widget\" data-widget_type=\"text-editor.default\">\n\t\t\t\t\t\t\t\t\t<p data-pm-slice=\"1 1 []\">Analizamos su aplicaci\u00f3n, calculamos los ahorros energ\u00e9ticos esperados y proyectamos el per\u00edodo de retorno. En el plazo de una semana*, recibe una base clara para la toma de decisiones \u2014 de forma gratuita y sin compromiso.<\/p><p data-pm-slice=\"1 1 []\"><em><br \/>* una vez que se hayan proporcionado todos los datos necesarios.<\/em><\/p>\t\t\t\t\t\t\t\t<\/div>\n\t\t\t\t<div class=\"elementor-element elementor-element-f0b75d6 elementor-widget__width-inherit elementor-widget elementor-widget-image\" data-id=\"f0b75d6\" data-element_type=\"widget\" data-e-type=\"widget\" data-widget_type=\"image.default\">\n\t\t\t\t\t\t\t\t\t\t\t\t\t\t\t<img fetchpriority=\"high\" decoding=\"async\" width=\"1920\" height=\"1097\" src=\"https:\/\/onyx-energy.com\/wp-content\/uploads\/2026\/01\/onyx-energy-thermal-battery-less-energy-12.jpeg\" class=\"attachment-full size-full wp-image-1332\" alt=\"Aerial view of a large commercial warehouse rooftop at sunset, demonstrating the scale of industrial cooling needs.\" srcset=\"https:\/\/onyx-energy.com\/wp-content\/uploads\/2026\/01\/onyx-energy-thermal-battery-less-energy-12.jpeg 1920w, https:\/\/onyx-energy.com\/wp-content\/uploads\/2026\/01\/onyx-energy-thermal-battery-less-energy-12-300x171.jpeg 300w, https:\/\/onyx-energy.com\/wp-content\/uploads\/2026\/01\/onyx-energy-thermal-battery-less-energy-12-1024x585.jpeg 1024w, https:\/\/onyx-energy.com\/wp-content\/uploads\/2026\/01\/onyx-energy-thermal-battery-less-energy-12-768x439.jpeg 768w, https:\/\/onyx-energy.com\/wp-content\/uploads\/2026\/01\/onyx-energy-thermal-battery-less-energy-12-1536x878.jpeg 1536w, https:\/\/onyx-energy.com\/wp-content\/uploads\/2026\/01\/onyx-energy-thermal-battery-less-energy-12-18x10.jpeg 18w\" sizes=\"(max-width: 1920px) 100vw, 1920px\" \/>\t\t\t\t\t\t\t\t\t\t\t\t\t\t\t<\/div>\n\t\t\t\t<\/div>\n\t\t\t\t\t<\/div>\n\t\t\t\t<\/div>\n\t\t\t\t<\/div>","protected":false},"excerpt":{"rendered":"<p>Home Free assessment Let us calculate your savings potential. * Required field Free assessment &amp; inquiry Request your free assessment We analyze your application, calculate expected energy savings, and project payback. Within one week*, you receive a clear decision basis \u2014 free of charge and without obligation. * once all required data has been provided.<\/p>","protected":false},"author":1,"featured_media":0,"parent":0,"menu_order":0,"comment_status":"closed","ping_status":"closed","template":"","meta":{"footnotes":""},"class_list":["post-141","page","type-page","status-publish","hentry"],"_links":{"self":[{"href":"https:\/\/onyx-energy.com\/es\/wp-json\/wp\/v2\/pages\/141","targetHints":{"allow":["GET"]}}],"collection":[{"href":"https:\/\/onyx-energy.com\/es\/wp-json\/wp\/v2\/pages"}],"about":[{"href":"https:\/\/onyx-energy.com\/es\/wp-json\/wp\/v2\/types\/page"}],"author":[{"embeddable":true,"href":"https:\/\/onyx-energy.com\/es\/wp-json\/wp\/v2\/users\/1"}],"replies":[{"embeddable":true,"href":"https:\/\/onyx-energy.com\/es\/wp-json\/wp\/v2\/comments?post=141"}],"version-history":[{"count":102,"href":"https:\/\/onyx-energy.com\/es\/wp-json\/wp\/v2\/pages\/141\/revisions"}],"predecessor-version":[{"id":2062,"href":"https:\/\/onyx-energy.com\/es\/wp-json\/wp\/v2\/pages\/141\/revisions\/2062"}],"wp:attachment":[{"href":"https:\/\/onyx-energy.com\/es\/wp-json\/wp\/v2\/media?parent=141"}],"curies":[{"name":"wp","href":"https:\/\/api.w.org\/{rel}","templated":true}]}}